{"id":8490,"date":"2015-08-02T21:26:27","date_gmt":"2015-08-02T19:26:27","guid":{"rendered":"https:\/\/www.zigarren.zone\/?page_id=8490"},"modified":"2023-09-13T11:03:08","modified_gmt":"2023-09-13T09:03:08","slug":"mentions-legales","status":"publish","type":"page","link":"https:\/\/www.zigarren.zone\/fr\/impressum\/","title":{"rendered":"Mentions l\u00e9gales"},"content":{"rendered":"<div style=\"height:50px\" aria-hidden=\"true\" class=\"wp-block-spacer\"><\/div>\n\n\n\n<p>Crazycat Media GmbH<br>Monsieur Vasilij Ratej<br>Spinnlerstrasse 2, 4410 Liestal, Suisse<\/p>\n\n\n\n<p>N\u00b0 IDE &amp; TVA : CHE-147.182.765<\/p>\n\n\n\n<p>T\u00e9l\u00e9phone : +41 79 305 21 45<br>Courrier \u00e9lectronique : info@crazycat-media.com<\/p>\n\n\n\n<p><a href=\"https:\/\/crazycat-media.com\" target=\"_blank\" rel=\"noreferrer noopener\">crazycat-media.com<\/a> \/ Zigarren.Zone est une publication de Crazycat Media GmbH<\/p>\n\n\n\n<p>La soci\u00e9t\u00e9 a pour but l'organisation d'\u00e9v\u00e9nements, la vente et la cr\u00e9ation de contenus sous forme de textes, de sons et de films. Elle peut effectuer la vente de produits et des travaux administratifs sur la base de mandats ainsi que des conseils en marketing. La soci\u00e9t\u00e9 peut cr\u00e9er des succursales et des filiales en Suisse et \u00e0 l'\u00e9tranger et participer \u00e0 d'autres entreprises ou acqu\u00e9rir ou cr\u00e9er des entreprises similaires ou apparent\u00e9es. La soci\u00e9t\u00e9 peut \u00e9galement acqu\u00e9rir, g\u00e9rer et vendre des biens immobiliers et des titres. La soci\u00e9t\u00e9 peut en outre effectuer toutes les op\u00e9rations susceptibles de promouvoir ou de faciliter le d\u00e9veloppement et le but de la soci\u00e9t\u00e9.<\/p>\n\n\n\n<p><a href=\"https:\/\/www.zigarren.zone\/datenschutzerklaerung\/\">D\u00e9claration de confidentialit\u00e9<\/a> | <a href=\"https:\/\/www.zigarren.zone\/nutzungsbedingungen\/\">Conditions d'utilisation<\/a><\/p>","protected":false},"excerpt":{"rendered":"<p>Crazycat Media GmbHMonsieur Vasilij RatejSpinnlerstrasse 2, 4410 Liestal, Suisse N\u00b0 UID &amp; TVA : CHE-147.182.765 T\u00e9l\u00e9phone : +41 79 305 21 45E-mail : info@crazycat-media.com crazycat-media.com \/ Cigares.Zone est...<\/p>","protected":false},"author":2,"featured_media":0,"parent":0,"menu_order":0,"comment_status":"closed","ping_status":"closed","template":"page-fullwidth.php","meta":{"jetpack_post_was_ever_published":false,"footnotes":""},"class_list":["post-8490","page","type-page","status-publish","hentry"],"jetpack_sharing_enabled":false,"_links":{"self":[{"href":"https:\/\/www.zigarren.zone\/fr\/wp-json\/wp\/v2\/pages\/8490","targetHints":{"allow":["GET"]}}],"collection":[{"href":"https:\/\/www.zigarren.zone\/fr\/wp-json\/wp\/v2\/pages"}],"about":[{"href":"https:\/\/www.zigarren.zone\/fr\/wp-json\/wp\/v2\/types\/page"}],"author":[{"embeddable":true,"href":"https:\/\/www.zigarren.zone\/fr\/wp-json\/wp\/v2\/users\/2"}],"replies":[{"embeddable":true,"href":"https:\/\/www.zigarren.zone\/fr\/wp-json\/wp\/v2\/comments?post=8490"}],"version-history":[{"count":0,"href":"https:\/\/www.zigarren.zone\/fr\/wp-json\/wp\/v2\/pages\/8490\/revisions"}],"wp:attachment":[{"href":"https:\/\/www.zigarren.zone\/fr\/wp-json\/wp\/v2\/media?parent=8490"}],"curies":[{"name":"wp","href":"https:\/\/api.w.org\/{rel}","templated":true}]}}