{"id":76506,"date":"2025-12-20T15:42:28","date_gmt":"2025-12-20T14:42:28","guid":{"rendered":"https:\/\/www.zigarren.zone\/?page_id=76506"},"modified":"2026-01-20T12:35:43","modified_gmt":"2026-01-20T11:35:43","slug":"deploiement-des-billets-2","status":"publish","type":"page","link":"https:\/\/www.zigarren.zone\/fr\/ticket-roll-out\/","title":{"rendered":"D\u00e9ploiement des billets"},"content":{"rendered":"<hr class=\"wp-block-separator has-alpha-channel-opacity\"\/>\n\n\n\n<figure class=\"wp-block-image size-full is-resized\"><img decoding=\"async\" width=\"1000\" height=\"666\" src=\"https:\/\/www.zigarren.zone\/wp-content\/uploads\/2026\/01\/zigarren.zone_lounge_nueesch_humidore_1.jpg\" alt=\"\" class=\"wp-image-76707\" style=\"aspect-ratio:1.501508211373031;width:318px;height:auto\" srcset=\"https:\/\/www.zigarren.zone\/wp-content\/uploads\/2026\/01\/zigarren.zone_lounge_nueesch_humidore_1.jpg 1000w, https:\/\/www.zigarren.zone\/wp-content\/uploads\/2026\/01\/zigarren.zone_lounge_nueesch_humidore_1-768x511.jpg 768w, https:\/\/www.zigarren.zone\/wp-content\/uploads\/2026\/01\/zigarren.zone_lounge_nueesch_humidore_1-18x12.jpg 18w, https:\/\/www.zigarren.zone\/wp-content\/uploads\/2026\/01\/zigarren.zone_lounge_nueesch_humidore_1-624x416.jpg 624w\" sizes=\"(max-width: 1000px) 100vw, 1000px\" \/><\/figure>\n\n\n\n<h3 class=\"wp-block-heading\">28.02.2025 : COMPLET \/ 2 places exclusives - Private Cigar Smoke avec Vasilij (Zigarren.Zone HQ Lounge, Liestal).<\/h3>\n\n\n\n<hr class=\"wp-block-separator has-alpha-channel-opacity\"\/>\n\n\n\n<figure class=\"wp-block-image size-full is-resized\"><img decoding=\"async\" width=\"1000\" height=\"666\" src=\"https:\/\/www.zigarren.zone\/wp-content\/uploads\/2026\/01\/zigarren.zone_lounge_nueesch_humidore_1.jpg\" alt=\"\" class=\"wp-image-76707\" style=\"aspect-ratio:1.501508211373031;width:318px;height:auto\" srcset=\"https:\/\/www.zigarren.zone\/wp-content\/uploads\/2026\/01\/zigarren.zone_lounge_nueesch_humidore_1.jpg 1000w, https:\/\/www.zigarren.zone\/wp-content\/uploads\/2026\/01\/zigarren.zone_lounge_nueesch_humidore_1-768x511.jpg 768w, https:\/\/www.zigarren.zone\/wp-content\/uploads\/2026\/01\/zigarren.zone_lounge_nueesch_humidore_1-18x12.jpg 18w, https:\/\/www.zigarren.zone\/wp-content\/uploads\/2026\/01\/zigarren.zone_lounge_nueesch_humidore_1-624x416.jpg 624w\" sizes=\"(max-width: 1000px) 100vw, 1000px\" \/><\/figure>\n\n\n\n<h3 class=\"wp-block-heading\">07.02.2025 : COMPLET \/ 2 places exclusives - Private Cigar Smoke avec Vasilij (Zigarren.Zone HQ Lounge, Liestal).<\/h3>\n\n\n\n<hr class=\"wp-block-separator has-alpha-channel-opacity\"\/>\n\n\n\n<div style=\"height:50px\" aria-hidden=\"true\" class=\"wp-block-spacer\"><\/div>\n\n\n\n<div style=\"height:50px\" aria-hidden=\"true\" class=\"wp-block-spacer\"><\/div>\n\n\n\n<h2 class=\"wp-block-heading\">2 exemples d'\u00e9v\u00e9nements pass\u00e9s<\/h2>\n\n\n\n<figure class=\"wp-block-image size-full\"><img decoding=\"async\" width=\"1000\" height=\"667\" src=\"https:\/\/www.zigarren.zone\/wp-content\/uploads\/2025\/11\/251122_zizo_buergenstock__csf-321_0121.jpg\" alt=\"Critiques et \u00e9v\u00e9nements li\u00e9s aux cigares.\" class=\"wp-image-76258\" srcset=\"https:\/\/www.zigarren.zone\/wp-content\/uploads\/2025\/11\/251122_zizo_buergenstock__csf-321_0121.jpg 1000w, https:\/\/www.zigarren.zone\/wp-content\/uploads\/2025\/11\/251122_zizo_buergenstock__csf-321_0121-768x512.jpg 768w, https:\/\/www.zigarren.zone\/wp-content\/uploads\/2025\/11\/251122_zizo_buergenstock__csf-321_0121-18x12.jpg 18w, https:\/\/www.zigarren.zone\/wp-content\/uploads\/2025\/11\/251122_zizo_buergenstock__csf-321_0121-624x416.jpg 624w\" sizes=\"(max-width: 1000px) 100vw, 1000px\" \/><\/figure>\n\n\n\n<h4 class=\"wp-block-heading\">Lors d'un de mes <a href=\"https:\/\/www.zigarren.zone\/unvergessliches-blindtasting-burgenstock-resort\/\">\u00c9v\u00e9nements de d\u00e9gustations \u00e0 l'aveugle<\/a>. \u00c9change formidable entre mes invit\u00e9s et exp\u00e9rience formidable quand on ne sait pas quel cigare on d\u00e9guste.<\/h4>\n\n\n\n<div style=\"height:50px\" aria-hidden=\"true\" class=\"wp-block-spacer\"><\/div>\n\n\n\n<figure class=\"wp-block-image size-full\"><img decoding=\"async\" width=\"1000\" height=\"666\" src=\"https:\/\/www.zigarren.zone\/wp-content\/uploads\/2025\/10\/GALLERY-Quay_DOrsay_Event_2025-Quay_DOrsay_Event_2025-251011_ZiZo-Event_\u00a9csf-321_0076.jpg\" alt=\"Critiques et \u00e9v\u00e9nements li\u00e9s aux cigares.\" class=\"wp-image-75741\" srcset=\"https:\/\/www.zigarren.zone\/wp-content\/uploads\/2025\/10\/GALLERY-Quay_DOrsay_Event_2025-Quay_DOrsay_Event_2025-251011_ZiZo-Event_\u00a9csf-321_0076.jpg 1000w, https:\/\/www.zigarren.zone\/wp-content\/uploads\/2025\/10\/GALLERY-Quay_DOrsay_Event_2025-Quay_DOrsay_Event_2025-251011_ZiZo-Event_\u00a9csf-321_0076-768x511.jpg 768w, https:\/\/www.zigarren.zone\/wp-content\/uploads\/2025\/10\/GALLERY-Quay_DOrsay_Event_2025-Quay_DOrsay_Event_2025-251011_ZiZo-Event_\u00a9csf-321_0076-18x12.jpg 18w, https:\/\/www.zigarren.zone\/wp-content\/uploads\/2025\/10\/GALLERY-Quay_DOrsay_Event_2025-Quay_DOrsay_Event_2025-251011_ZiZo-Event_\u00a9csf-321_0076-624x416.jpg 624w\" sizes=\"(max-width: 1000px) 100vw, 1000px\" \/><\/figure>\n\n\n\n<h4 class=\"wp-block-heading\"><a href=\"https:\/\/www.zigarren.zone\/genussabend-sonne-sissach\/\">Quai D\u2019Orsay Limited Edition 2019 : un \u00e9v\u00e9nement hors du commun<\/a> en 2025 au soleil de Sissach<\/h4>\n\n\n\n<div style=\"height:50px\" aria-hidden=\"true\" class=\"wp-block-spacer\"><\/div>","protected":false},"excerpt":{"rendered":"<p>28.02.2025 : COMPLET \/ 2 places exclusives - Private Cigar Smoke avec Vasilij (Zigarren.Zone HQ Lounge, Liestal). 07.02.2025 : COMPLET \/ 2 places exclusives - Private Cigar...<\/p>","protected":false},"author":2,"featured_media":0,"parent":0,"menu_order":0,"comment_status":"closed","ping_status":"closed","template":"","meta":{"jetpack_post_was_ever_published":false,"footnotes":""},"class_list":["post-76506","page","type-page","status-publish","hentry"],"jetpack_sharing_enabled":true,"_links":{"self":[{"href":"https:\/\/www.zigarren.zone\/fr\/wp-json\/wp\/v2\/pages\/76506","targetHints":{"allow":["GET"]}}],"collection":[{"href":"https:\/\/www.zigarren.zone\/fr\/wp-json\/wp\/v2\/pages"}],"about":[{"href":"https:\/\/www.zigarren.zone\/fr\/wp-json\/wp\/v2\/types\/page"}],"author":[{"embeddable":true,"href":"https:\/\/www.zigarren.zone\/fr\/wp-json\/wp\/v2\/users\/2"}],"replies":[{"embeddable":true,"href":"https:\/\/www.zigarren.zone\/fr\/wp-json\/wp\/v2\/comments?post=76506"}],"version-history":[{"count":5,"href":"https:\/\/www.zigarren.zone\/fr\/wp-json\/wp\/v2\/pages\/76506\/revisions"}],"predecessor-version":[{"id":76771,"href":"https:\/\/www.zigarren.zone\/fr\/wp-json\/wp\/v2\/pages\/76506\/revisions\/76771"}],"wp:attachment":[{"href":"https:\/\/www.zigarren.zone\/fr\/wp-json\/wp\/v2\/media?parent=76506"}],"curies":[{"name":"wp","href":"https:\/\/api.w.org\/{rel}","templated":true}]}}