{"id":74007,"date":"2025-05-25T07:25:53","date_gmt":"2025-05-25T05:25:53","guid":{"rendered":"https:\/\/www.zigarren.zone\/?page_id=74007"},"modified":"2025-05-27T09:51:45","modified_gmt":"2025-05-27T07:51:45","slug":"fabrication-de-cigares-a-cuba-vimeo","status":"publish","type":"page","link":"https:\/\/www.zigarren.zone\/fr\/zigarrenherstellung-in-kuba-vimeo\/","title":{"rendered":"Fabrication de cigares \u00e0 Cuba : comment na\u00eet un cigare \u00e0 Cuba"},"content":{"rendered":"<p><strong>Fabrication de cigares \u00e0 Cuba<\/strong> n'est pas seulement un m\u00e9tier - c'est un bien culturel qui relie les g\u00e9n\u00e9rations. Dans notre nouveau film sur le <em>Festival Habanos 2025<\/em> nous accompagnons Thomas et Claudia dans un voyage impressionnant \u00e0 travers le monde du cigare cubain. Regarder sur Vimeo :<\/p>\n\n\n\n<figure class=\"wp-block-embed is-type-video is-provider-vimeo wp-block-embed-vimeo\"><div class=\"wp-block-embed__wrapper\">\n<iframe title=\"Comment sont fabriqu\u00e9s les cigares \u00e0 Cuba - Cela change ton regard !\" src=\"https:\/\/player.vimeo.com\/video\/1073246010?dnt=1&amp;app_id=122963\" width=\"640\" height=\"338\" frameborder=\"0\" allow=\"autoplay; fullscreen; picture-in-picture; clipboard-write; encrypted-media\"><\/iframe>\n<\/div><\/figure>","protected":false},"excerpt":{"rendered":"<p>La fabrication de cigares \u00e0 Cuba n'est pas seulement un artisanat - c'est un bien culturel qui relie les g\u00e9n\u00e9rations. Dans notre nouveau film sur le Habanos Festival 2025, nous...<\/p>","protected":false},"author":2,"featured_media":0,"parent":0,"menu_order":0,"comment_status":"closed","ping_status":"closed","template":"","meta":{"jetpack_post_was_ever_published":false,"footnotes":""},"class_list":["post-74007","page","type-page","status-publish","hentry"],"jetpack_sharing_enabled":true,"_links":{"self":[{"href":"https:\/\/www.zigarren.zone\/fr\/wp-json\/wp\/v2\/pages\/74007","targetHints":{"allow":["GET"]}}],"collection":[{"href":"https:\/\/www.zigarren.zone\/fr\/wp-json\/wp\/v2\/pages"}],"about":[{"href":"https:\/\/www.zigarren.zone\/fr\/wp-json\/wp\/v2\/types\/page"}],"author":[{"embeddable":true,"href":"https:\/\/www.zigarren.zone\/fr\/wp-json\/wp\/v2\/users\/2"}],"replies":[{"embeddable":true,"href":"https:\/\/www.zigarren.zone\/fr\/wp-json\/wp\/v2\/comments?post=74007"}],"version-history":[{"count":0,"href":"https:\/\/www.zigarren.zone\/fr\/wp-json\/wp\/v2\/pages\/74007\/revisions"}],"wp:attachment":[{"href":"https:\/\/www.zigarren.zone\/fr\/wp-json\/wp\/v2\/media?parent=74007"}],"curies":[{"name":"wp","href":"https:\/\/api.w.org\/{rel}","templated":true}]}}