{"id":66026,"date":"2023-08-17T14:47:02","date_gmt":"2023-08-17T12:47:02","guid":{"rendered":"https:\/\/www.zigarren.zone\/?page_id=66026"},"modified":"2023-08-17T14:47:42","modified_gmt":"2023-08-17T12:47:42","slug":"merci-pour-votre-candidature","status":"publish","type":"page","link":"https:\/\/www.zigarren.zone\/fr\/danke-fuer-ihre-bewerbung\/","title":{"rendered":"Merci pour votre candidature !"},"content":{"rendered":"<p>Je vais \u00e9tudier votre candidature et je vous contacterai dans les prochains jours. En attendant, je vous souhaite de passer d'agr\u00e9ables journ\u00e9es et vous dis \u00e0 bient\u00f4t !<\/p>\n\n\n\n<p>HAPPY TIME, Vasilij Ratej, propri\u00e9taire<\/p>\n\n\n\n<div style=\"height:50px\" aria-hidden=\"true\" class=\"wp-block-spacer\"><\/div>\n\n\n\n<figure class=\"wp-block-image size-full is-resized\"><img decoding=\"async\" src=\"https:\/\/www.zigarren.zone\/wp-content\/uploads\/2022\/11\/Vasilij-mit-CM-Logo.jpg\" alt=\"\" class=\"wp-image-56711\" style=\"width:500px\" width=\"500\" srcset=\"https:\/\/www.zigarren.zone\/wp-content\/uploads\/2022\/11\/Vasilij-mit-CM-Logo.jpg 1000w, https:\/\/www.zigarren.zone\/wp-content\/uploads\/2022\/11\/Vasilij-mit-CM-Logo-768x512.jpg 768w, https:\/\/www.zigarren.zone\/wp-content\/uploads\/2022\/11\/Vasilij-mit-CM-Logo-624x416.jpg 624w\" sizes=\"(max-width: 1000px) 100vw, 1000px\" \/><\/figure>","protected":false},"excerpt":{"rendered":"<p>Je vais \u00e9tudier votre candidature et je vous contacterai dans les prochains jours. En attendant, je vous souhaite de passer d'agr\u00e9ables journ\u00e9es et \u00e0...<\/p>","protected":false},"author":2,"featured_media":0,"parent":0,"menu_order":0,"comment_status":"closed","ping_status":"closed","template":"","meta":{"jetpack_post_was_ever_published":false,"footnotes":""},"class_list":["post-66026","page","type-page","status-publish","hentry"],"jetpack_sharing_enabled":true,"_links":{"self":[{"href":"https:\/\/www.zigarren.zone\/fr\/wp-json\/wp\/v2\/pages\/66026","targetHints":{"allow":["GET"]}}],"collection":[{"href":"https:\/\/www.zigarren.zone\/fr\/wp-json\/wp\/v2\/pages"}],"about":[{"href":"https:\/\/www.zigarren.zone\/fr\/wp-json\/wp\/v2\/types\/page"}],"author":[{"embeddable":true,"href":"https:\/\/www.zigarren.zone\/fr\/wp-json\/wp\/v2\/users\/2"}],"replies":[{"embeddable":true,"href":"https:\/\/www.zigarren.zone\/fr\/wp-json\/wp\/v2\/comments?post=66026"}],"version-history":[{"count":0,"href":"https:\/\/www.zigarren.zone\/fr\/wp-json\/wp\/v2\/pages\/66026\/revisions"}],"wp:attachment":[{"href":"https:\/\/www.zigarren.zone\/fr\/wp-json\/wp\/v2\/media?parent=66026"}],"curies":[{"name":"wp","href":"https:\/\/api.w.org\/{rel}","templated":true}]}}