{"id":35144,"date":"2020-03-09T08:37:38","date_gmt":"2020-03-09T07:37:38","guid":{"rendered":"https:\/\/www.zigarren.zone\/?page_id=35144"},"modified":"2025-06-05T09:21:20","modified_gmt":"2025-06-05T07:21:20","slug":"inscription-a-levenement","status":"publish","type":"page","link":"https:\/\/www.zigarren.zone\/fr\/event-anmeldung\/","title":{"rendered":"Ton inscription a \u00e9t\u00e9 re\u00e7ue."},"content":{"rendered":"<p>Merci beaucoup ! Tu recevras ton eTicket par e-mail sous peu. Si l'\u00e9v\u00e9nement est d\u00e9j\u00e0 complet, nous te placerons automatiquement sur la liste d'attente et t'informerons d\u00e8s qu'une place se lib\u00e9rera.<\/p>\n\n\n\n<figure class=\"wp-block-image size-full\"><img decoding=\"async\" width=\"1000\" height=\"667\" src=\"https:\/\/www.zigarren.zone\/wp-content\/uploads\/2023\/01\/Vasilij-5_23-mit-eMails-DSCF2617-1.jpg\" alt=\"\" class=\"wp-image-57809\" srcset=\"https:\/\/www.zigarren.zone\/wp-content\/uploads\/2023\/01\/Vasilij-5_23-mit-eMails-DSCF2617-1.jpg 1000w, https:\/\/www.zigarren.zone\/wp-content\/uploads\/2023\/01\/Vasilij-5_23-mit-eMails-DSCF2617-1-768x512.jpg 768w, https:\/\/www.zigarren.zone\/wp-content\/uploads\/2023\/01\/Vasilij-5_23-mit-eMails-DSCF2617-1-624x416.jpg 624w\" sizes=\"(max-width: 1000px) 100vw, 1000px\" \/><\/figure>\n\n\n\n<div style=\"height:50px\" aria-hidden=\"true\" class=\"wp-block-spacer\"><\/div>\n\n\n\n<p>Merci beaucoup d'utiliser Zigarren.Zone !<\/p>\n\n\n\n<p>HAPPY SMOKE, Vasilij Ratej ~ \u00c9diteur<\/p>","protected":false},"excerpt":{"rendered":"<p>Merci beaucoup ! Tu recevras ton eTicket par e-mail sous peu. Si l'\u00e9v\u00e9nement est d\u00e9j\u00e0 complet, nous te placerons automatiquement sur la liste d'attente et t'informerons...<\/p>","protected":false},"author":2,"featured_media":0,"parent":0,"menu_order":0,"comment_status":"closed","ping_status":"closed","template":"","meta":{"jetpack_post_was_ever_published":false,"footnotes":""},"class_list":["post-35144","page","type-page","status-publish","hentry"],"jetpack_sharing_enabled":true,"_links":{"self":[{"href":"https:\/\/www.zigarren.zone\/fr\/wp-json\/wp\/v2\/pages\/35144","targetHints":{"allow":["GET"]}}],"collection":[{"href":"https:\/\/www.zigarren.zone\/fr\/wp-json\/wp\/v2\/pages"}],"about":[{"href":"https:\/\/www.zigarren.zone\/fr\/wp-json\/wp\/v2\/types\/page"}],"author":[{"embeddable":true,"href":"https:\/\/www.zigarren.zone\/fr\/wp-json\/wp\/v2\/users\/2"}],"replies":[{"embeddable":true,"href":"https:\/\/www.zigarren.zone\/fr\/wp-json\/wp\/v2\/comments?post=35144"}],"version-history":[{"count":0,"href":"https:\/\/www.zigarren.zone\/fr\/wp-json\/wp\/v2\/pages\/35144\/revisions"}],"wp:attachment":[{"href":"https:\/\/www.zigarren.zone\/fr\/wp-json\/wp\/v2\/media?parent=35144"}],"curies":[{"name":"wp","href":"https:\/\/api.w.org\/{rel}","templated":true}]}}