{"id":31871,"date":"2019-12-03T08:58:07","date_gmt":"2019-12-03T07:58:07","guid":{"rendered":"https:\/\/www.zigarren.zone\/?page_id=31871"},"modified":"2025-08-06T07:43:28","modified_gmt":"2025-08-06T05:43:28","slug":"conditions-dutilisation","status":"publish","type":"page","link":"https:\/\/www.zigarren.zone\/fr\/nutzungsbedingungen\/","title":{"rendered":"Conditions d'utilisation"},"content":{"rendered":"<div style=\"height:50px\" aria-hidden=\"true\" class=\"wp-block-spacer\"><\/div>\n\n\n\n<p>Version 6.0 | 2025<\/p>\n\n\n\n<p><strong>Conditions d'utilisation des commentaires sur les articles de blog :<\/strong> Bienvenue dans le magazine en ligne Zigarren.Zone, une publication de Crazycat Media GmbH.<\/p>\n\n\n\n<p><strong>Article 1 : <\/strong>Nous sommes des \u00e9picuriens et discutons entre nous de mani\u00e8re amicale et d\u00e9cente. Nous \u00e9mettons \u00e9galement des critiques, toujours de mani\u00e8re amicale et d\u00e9cente. Les attaques personnelles ne sont pas tol\u00e9r\u00e9es. Elles conduisent \u00e0 l'exclusion - et ce de mani\u00e8re simple, rapide et sans avertissement. Si une attaque personnelle rel\u00e8ve du droit p\u00e9nal, Crazycat Media GmbH porte plainte.<\/p>\n\n\n\n<p>Crazycat Media GmbH, Spinnlerstrasse 2, 4410 Liestal - Suisse<\/p>","protected":false},"excerpt":{"rendered":"<p>Version 6.0 | 2025 Conditions d'utilisation des commentaires sur les articles de blog : Bienvenue sur le magazine en ligne Zigarren.Zone, une publication de Crazycat Media GmbH. Article 1 : Nous sommes des \u00e9picuriens...<\/p>","protected":false},"author":1432,"featured_media":0,"parent":0,"menu_order":0,"comment_status":"closed","ping_status":"closed","template":"","meta":{"jetpack_post_was_ever_published":false,"footnotes":""},"class_list":["post-31871","page","type-page","status-publish","hentry"],"jetpack_sharing_enabled":true,"_links":{"self":[{"href":"https:\/\/www.zigarren.zone\/fr\/wp-json\/wp\/v2\/pages\/31871","targetHints":{"allow":["GET"]}}],"collection":[{"href":"https:\/\/www.zigarren.zone\/fr\/wp-json\/wp\/v2\/pages"}],"about":[{"href":"https:\/\/www.zigarren.zone\/fr\/wp-json\/wp\/v2\/types\/page"}],"author":[{"embeddable":true,"href":"https:\/\/www.zigarren.zone\/fr\/wp-json\/wp\/v2\/users\/1432"}],"replies":[{"embeddable":true,"href":"https:\/\/www.zigarren.zone\/fr\/wp-json\/wp\/v2\/comments?post=31871"}],"version-history":[{"count":0,"href":"https:\/\/www.zigarren.zone\/fr\/wp-json\/wp\/v2\/pages\/31871\/revisions"}],"wp:attachment":[{"href":"https:\/\/www.zigarren.zone\/fr\/wp-json\/wp\/v2\/media?parent=31871"}],"curies":[{"name":"wp","href":"https:\/\/api.w.org\/{rel}","templated":true}]}}