{"id":8490,"date":"2015-08-02T21:26:27","date_gmt":"2015-08-02T19:26:27","guid":{"rendered":"https:\/\/www.zigarren.zone\/?page_id=8490"},"modified":"2023-09-13T11:03:08","modified_gmt":"2023-09-13T09:03:08","slug":"imprimir","status":"publish","type":"page","link":"https:\/\/www.zigarren.zone\/es\/impressum\/","title":{"rendered":"Pie de imprenta"},"content":{"rendered":"<div style=\"height:50px\" aria-hidden=\"true\" class=\"wp-block-spacer\"><\/div>\n\n\n\n<p>Crazycat Media GmbH<br>Sr. Vasilij Ratej<br>Spinnlerstrasse 2, 4410 Liestal, Suiza<\/p>\n\n\n\n<p>NIF y CIF: CHE-147.182.765<\/p>\n\n\n\n<p>Tel\u00e9fono: +41 79 305 21 45<br>Correo electr\u00f3nico: info@crazycat-media.com<\/p>\n\n\n\n<p><a href=\"https:\/\/crazycat-media.com\" target=\"_blank\" rel=\"noreferrer noopener\">crazycat-media.com<\/a> \/ Zigarren.Zone es una publicaci\u00f3n de Crazycat Media GmbH<\/p>\n\n\n\n<p>El objeto de la empresa es la organizaci\u00f3n de eventos, la venta y la creaci\u00f3n de contenidos en forma de texto, sonido y pel\u00edcula. Puede vender productos y realizar trabajos administrativos por mandato, as\u00ed como consultor\u00eda de marketing. La Sociedad puede establecer sucursales y filiales en Suiza y en el extranjero y participar en otras empresas o adquirir o establecer empresas similares o relacionadas. La Sociedad tambi\u00e9n podr\u00e1 adquirir, gestionar y vender bienes inmuebles y valores mobiliarios. Adem\u00e1s, la Sociedad podr\u00e1 realizar todas las transacciones que sean adecuadas para promover o facilitar el desarrollo y el prop\u00f3sito de la Sociedad.<\/p>\n\n\n\n<p><a href=\"https:\/\/www.zigarren.zone\/datenschutzerklaerung\/\">Pol\u00edtica de privacidad<\/a> | <a href=\"https:\/\/www.zigarren.zone\/nutzungsbedingungen\/\">Condiciones de uso<\/a><\/p>","protected":false},"excerpt":{"rendered":"<p>Crazycat Media GmbHSr. Vasilij RatejSpinnlerstrasse 2, 4410 Liestal, Suiza UID &amp; MWST Nr.: CHE-147.182.765 Tel\u00e9fono: +41 79 305 21 45E-Mail: info@crazycat-media.com crazycat-media.com \/ Zigarren.Zone es...<\/p>","protected":false},"author":2,"featured_media":0,"parent":0,"menu_order":0,"comment_status":"closed","ping_status":"closed","template":"page-fullwidth.php","meta":{"jetpack_post_was_ever_published":false,"footnotes":""},"class_list":["post-8490","page","type-page","status-publish","hentry"],"jetpack_sharing_enabled":false,"_links":{"self":[{"href":"https:\/\/www.zigarren.zone\/es\/wp-json\/wp\/v2\/pages\/8490","targetHints":{"allow":["GET"]}}],"collection":[{"href":"https:\/\/www.zigarren.zone\/es\/wp-json\/wp\/v2\/pages"}],"about":[{"href":"https:\/\/www.zigarren.zone\/es\/wp-json\/wp\/v2\/types\/page"}],"author":[{"embeddable":true,"href":"https:\/\/www.zigarren.zone\/es\/wp-json\/wp\/v2\/users\/2"}],"replies":[{"embeddable":true,"href":"https:\/\/www.zigarren.zone\/es\/wp-json\/wp\/v2\/comments?post=8490"}],"version-history":[{"count":0,"href":"https:\/\/www.zigarren.zone\/es\/wp-json\/wp\/v2\/pages\/8490\/revisions"}],"wp:attachment":[{"href":"https:\/\/www.zigarren.zone\/es\/wp-json\/wp\/v2\/media?parent=8490"}],"curies":[{"name":"wp","href":"https:\/\/api.w.org\/{rel}","templated":true}]}}