{"id":76419,"date":"2025-12-20T12:34:16","date_gmt":"2025-12-20T11:34:16","guid":{"rendered":"https:\/\/www.zigarren.zone\/?page_id=76419"},"modified":"2026-04-23T06:37:48","modified_gmt":"2026-04-23T04:37:48","slug":"zigarren-reviews-events","status":"publish","type":"page","link":"https:\/\/www.zigarren.zone\/es\/","title":{"rendered":"Rese\u00f1as, eventos y ediciones sobre puros"},"content":{"rendered":"<p>\ud83d\udc49 <strong><a href=\"https:\/\/www.zigarren.zone\/category\/marktplatz\/\">Todos los art\u00edculos<\/a><\/strong> \/ Las rese\u00f1as de puros son el camino m\u00e1s r\u00e1pido hacia el puro adecuado. Zigarren.Zone es su puerta de entrada a las RESE\u00d1AS, EVENTOS y EDICI\u00d3N - claro, directo y sin charla cigarro. <\/p>\n\n\n\n<h2 class=\"wp-block-heading\">\u00a1Revisi\u00f3n! <a href=\"https:\/\/www.zigarren.zone\/review-davidoff-puro-dominicano-perfecto\/\">Davidoff Puro Dominicano Perfecto. 97 puntos. Este cigarro cumple. Y punto.<\/a><\/h2>\n\n\n\n<figure class=\"wp-block-image size-full\"><a href=\"https:\/\/www.zigarren.zone\/review-davidoff-puro-dominicano-perfecto\/\"><img decoding=\"async\" width=\"1000\" height=\"666\" src=\"https:\/\/www.zigarren.zone\/wp-content\/uploads\/2026\/03\/davidoff_puro_dominicano_perfecto_03.jpg\" alt=\"\" class=\"wp-image-77153\" srcset=\"https:\/\/www.zigarren.zone\/wp-content\/uploads\/2026\/03\/davidoff_puro_dominicano_perfecto_03.jpg 1000w, https:\/\/www.zigarren.zone\/wp-content\/uploads\/2026\/03\/davidoff_puro_dominicano_perfecto_03-768x511.jpg 768w, https:\/\/www.zigarren.zone\/wp-content\/uploads\/2026\/03\/davidoff_puro_dominicano_perfecto_03-18x12.jpg 18w, https:\/\/www.zigarren.zone\/wp-content\/uploads\/2026\/03\/davidoff_puro_dominicano_perfecto_03-624x416.jpg 624w\" sizes=\"(max-width: 1000px) 100vw, 1000px\" \/><\/a><\/figure>\n\n\n\n<h2 class=\"wp-block-heading\">\u00bfViene por primera vez? Un comienzo r\u00e1pido para usted:<\/h2>\n\n\n\n<p><strong>\ud83d\udc49 <\/strong><a href=\"https:\/\/www.zigarren.zone\/category\/review\/\"><strong>Empieza con REVIEWS<\/strong> (Decisi\u00f3n de compra en 60 segundos)<\/a><\/p>\n\n\n\n<p><strong>\ud83d\udc49 <\/strong><a href=\"https:\/\/www.zigarren.zone\/category\/event\/\"><strong>Empieza con EVENTS<\/strong> (encontrar la pr\u00f3xima experiencia)<\/a><\/p>\n\n\n\n<p><strong>\ud83d\udc49 <\/strong><a href=\"https:\/\/www.zigarren.zone\/category\/edition\/\"><strong>Comienza con EDITION<\/strong> (columna ir\u00f3nica y sat\u00edrica del mes)<\/a><\/p>\n\n\n\n<div style=\"height:50px\" aria-hidden=\"true\" class=\"wp-block-spacer\"><\/div>\n\n\n\n<h2 class=\"wp-block-heading\"><strong>Dime una cosa y te dar\u00e9 el cigarro adecuado.<\/strong><\/h2>\n\n\n\n<p>Elige lo que te apetezca hoy. Cada punto es un enlace a rese\u00f1as de puros prefiltradas.<\/p>\n\n\n\n<h3 class=\"wp-block-heading\">Duraci\u00f3n<\/h3>\n\n\n\n<p>\u2192 <a href=\"https:\/\/www.zigarren.zone\/tag\/dauer-30-45-min-kurz\/\">30-45 min (breve)<\/a><\/p>\n\n\n\n<p>\u2192 <a href=\"https:\/\/www.zigarren.zone\/tag\/dauer-60-75-min-mittel\/\">60-75 min (medio)<\/a><\/p>\n\n\n\n<p>\u2192 <a href=\"https:\/\/www.zigarren.zone\/tag\/dauer-90-min-lang\/\">M\u00e1s de 90 minutos (largo)<\/a><\/p>\n\n\n\n<h3 class=\"wp-block-heading\">Fuerza<\/h3>\n\n\n\n<p>\u2192 <a href=\"https:\/\/www.zigarren.zone\/tag\/staerke-mild\/\">Suave<\/a><\/p>\n\n\n\n<p>\u2192 <a href=\"https:\/\/www.zigarren.zone\/tag\/staerke-medium\/\">Medio<\/a><\/p>\n\n\n\n<p>\u2192 <a href=\"https:\/\/www.zigarren.zone\/tag\/staerke-kraeftig\/\">Fuerte<\/a><\/p>\n\n\n\n<div style=\"height:50px\" aria-hidden=\"true\" class=\"wp-block-spacer\"><\/div>\n\n\n\n<h2 class=\"wp-block-heading\">A partir de 2026: QUICK-BOX <strong>Decisi\u00f3n en 5 segundos: lo que obtienes inmediatamente en Zigarren.Zone<\/strong><\/h2>\n\n\n\n<p>En todas las rese\u00f1as a partir del a\u00f1o 2026 encontrar\u00e1s la \u201eQUICK-BOX 5-Sekunden-Entscheidung\u201c (decisi\u00f3n r\u00e1pida en 5 segundos) en la parte superior del art\u00edculo, para que sepas r\u00e1pidamente si te conviene o no.<\/p>\n\n\n\n<p>De un vistazo obtienes:<\/p>\n\n\n\n<p>\u2022 Para ti \/ No para ti<\/p>\n\n\n\n<p>\u2022 Intensidad y duraci\u00f3n del humo<\/p>\n\n\n\n<p>\u2022 3 aromas claros<\/p>\n\n\n\n<p>\u2192 <a href=\"https:\/\/www.zigarren.zone\/category\/review\/\">Todas las rese\u00f1as sobre puros<\/a><\/p>\n\n\n\n<div style=\"height:50px\" aria-hidden=\"true\" class=\"wp-block-spacer\"><\/div>\n\n\n\n<h2 class=\"wp-block-heading\"><strong>Eventos: Vivir.<\/strong><\/h2>\n\n\n\n<p>No quieres otro art\u00edculo. Quieres una velada, una tarde que se quede grabada en tu memoria.<\/p>\n\n\n\n<p>Elige tu formato:<\/p>\n\n\n\n<p>\u2192 Noche de duelo (2 puros, a ciegas, debate sincero)<\/p>\n\n\n\n<p>\u2192 Seminario (sin esnobismo, con respuestas)<\/p>\n\n\n\n<p>\u2192 Velada gastron\u00f3mica (relajada, guiada, sin charla)<\/p>\n\n\n\n<p>\u2192 <a href=\"https:\/\/www.zigarren.zone\/ticket-roll-out\/\">Lanzamientos actuales de entradas (a partir de 2026)<\/a><\/p>\n\n\n\n<p>\u2192 <a href=\"https:\/\/www.zigarren.zone\/category\/event\/\">Todos los informes de eventos<\/a><\/p>\n\n\n\n<div style=\"height:50px\" aria-hidden=\"true\" class=\"wp-block-spacer\"><\/div>\n\n\n\n<figure class=\"wp-block-image size-full\"><img decoding=\"async\" width=\"1000\" height=\"667\" src=\"https:\/\/www.zigarren.zone\/wp-content\/uploads\/2025\/11\/251122_zizo_buergenstock__csf-321_0121.jpg\" alt=\"Rese\u00f1as y eventos sobre puros.\" class=\"wp-image-76258\" srcset=\"https:\/\/www.zigarren.zone\/wp-content\/uploads\/2025\/11\/251122_zizo_buergenstock__csf-321_0121.jpg 1000w, https:\/\/www.zigarren.zone\/wp-content\/uploads\/2025\/11\/251122_zizo_buergenstock__csf-321_0121-768x512.jpg 768w, https:\/\/www.zigarren.zone\/wp-content\/uploads\/2025\/11\/251122_zizo_buergenstock__csf-321_0121-18x12.jpg 18w, https:\/\/www.zigarren.zone\/wp-content\/uploads\/2025\/11\/251122_zizo_buergenstock__csf-321_0121-624x416.jpg 624w\" sizes=\"(max-width: 1000px) 100vw, 1000px\" \/><\/figure>\n\n\n\n<h4 class=\"wp-block-heading\">En uno de mis <a href=\"https:\/\/www.zigarren.zone\/unvergessliches-blindtasting-burgenstock-resort\/\">Eventos de catas a ciegas<\/a>. Un intercambio magn\u00edfico entre mis invitados y una experiencia magn\u00edfica cuando no sabes qu\u00e9 cigarro est\u00e1s disfrutando.<\/h4>\n\n\n\n<div style=\"height:50px\" aria-hidden=\"true\" class=\"wp-block-spacer\"><\/div>\n\n\n\n<figure class=\"wp-block-image size-full\"><img decoding=\"async\" width=\"1000\" height=\"666\" src=\"https:\/\/www.zigarren.zone\/wp-content\/uploads\/2025\/10\/GALLERY-Quay_DOrsay_Event_2025-Quay_DOrsay_Event_2025-251011_ZiZo-Event_\u00a9csf-321_0076.jpg\" alt=\"Rese\u00f1as y eventos sobre puros.\" class=\"wp-image-75741\" srcset=\"https:\/\/www.zigarren.zone\/wp-content\/uploads\/2025\/10\/GALLERY-Quay_DOrsay_Event_2025-Quay_DOrsay_Event_2025-251011_ZiZo-Event_\u00a9csf-321_0076.jpg 1000w, https:\/\/www.zigarren.zone\/wp-content\/uploads\/2025\/10\/GALLERY-Quay_DOrsay_Event_2025-Quay_DOrsay_Event_2025-251011_ZiZo-Event_\u00a9csf-321_0076-768x511.jpg 768w, https:\/\/www.zigarren.zone\/wp-content\/uploads\/2025\/10\/GALLERY-Quay_DOrsay_Event_2025-Quay_DOrsay_Event_2025-251011_ZiZo-Event_\u00a9csf-321_0076-18x12.jpg 18w, https:\/\/www.zigarren.zone\/wp-content\/uploads\/2025\/10\/GALLERY-Quay_DOrsay_Event_2025-Quay_DOrsay_Event_2025-251011_ZiZo-Event_\u00a9csf-321_0076-624x416.jpg 624w\" sizes=\"(max-width: 1000px) 100vw, 1000px\" \/><\/figure>\n\n\n\n<h4 class=\"wp-block-heading\"><a href=\"https:\/\/www.zigarren.zone\/genussabend-sonne-sissach\/\">Quai D\u2019Orsay Edici\u00f3n Limitada 2019: un evento de primera clase<\/a> en el a\u00f1o 2025 en Sonne Sissach<\/h4>\n\n\n\n<div style=\"height:50px\" aria-hidden=\"true\" class=\"wp-block-spacer\"><\/div>\n\n\n\n<h2 class=\"wp-block-heading\"><strong>EDICI\u00d3N del mes<\/strong><\/h2>\n\n\n\n<p>EDITION es un texto que ama los cigarros, pero sin por ello santificarlo todo. Breve. Conciso. Y precisamente por eso verdadero. Ir\u00f3nico. Sat\u00edrico. A menudo divertid\u00edsimo. A menudo reflexivo.<\/p>\n\n\n\n<p>\u2192 <a href=\"https:\/\/www.zigarren.zone\/category\/edition\/\">Leer EDICI\u00d3N (a partir del 01\/01\/2026)<\/a><\/p>\n\n\n\n<div style=\"height:50px\" aria-hidden=\"true\" class=\"wp-block-spacer\"><\/div>\n\n\n\n<h2 class=\"wp-block-heading\"><strong>Y aqu\u00ed est\u00e1 la obra completa de Zigarren.Zone.<\/strong><\/h2>\n\n\n\n<p>Un feed casi infinito. Todos los art\u00edculos.<\/p>\n\n\n\n<p>\u2192 <a href=\"https:\/\/www.zigarren.zone\/category\/marktplatz\/\">Ver todo<\/a><\/p>\n\n\n\n<div style=\"height:50px\" aria-hidden=\"true\" class=\"wp-block-spacer\"><\/div>\n\n\n\n<p>Y otra cosa m\u00e1s: <a href=\"https:\/\/origin-of-cigar.com\/\" target=\"_blank\" rel=\"noopener\">La historia de los cigarros cubanos se encuentra en mi otra p\u00e1gina web: Origin Of Cigar.<\/a><\/p>","protected":false},"excerpt":{"rendered":"<p>\ud83d\udc49 Todos los art\u00edculos \/ rese\u00f1as de cigarros son el camino m\u00e1s r\u00e1pido hacia el cigarro correcto. Zigarren.Zone es su puerta de entrada a RESE\u00d1AS, EVENTOS y EDICI\u00d3N - claro, directo...<\/p>","protected":false},"author":2,"featured_media":0,"parent":0,"menu_order":0,"comment_status":"closed","ping_status":"closed","template":"","meta":{"jetpack_post_was_ever_published":false,"footnotes":""},"class_list":["post-76419","page","type-page","status-publish","hentry"],"jetpack_sharing_enabled":true,"_links":{"self":[{"href":"https:\/\/www.zigarren.zone\/es\/wp-json\/wp\/v2\/pages\/76419","targetHints":{"allow":["GET"]}}],"collection":[{"href":"https:\/\/www.zigarren.zone\/es\/wp-json\/wp\/v2\/pages"}],"about":[{"href":"https:\/\/www.zigarren.zone\/es\/wp-json\/wp\/v2\/types\/page"}],"author":[{"embeddable":true,"href":"https:\/\/www.zigarren.zone\/es\/wp-json\/wp\/v2\/users\/2"}],"replies":[{"embeddable":true,"href":"https:\/\/www.zigarren.zone\/es\/wp-json\/wp\/v2\/comments?post=76419"}],"version-history":[{"count":40,"href":"https:\/\/www.zigarren.zone\/es\/wp-json\/wp\/v2\/pages\/76419\/revisions"}],"predecessor-version":[{"id":77563,"href":"https:\/\/www.zigarren.zone\/es\/wp-json\/wp\/v2\/pages\/76419\/revisions\/77563"}],"wp:attachment":[{"href":"https:\/\/www.zigarren.zone\/es\/wp-json\/wp\/v2\/media?parent=76419"}],"curies":[{"name":"wp","href":"https:\/\/api.w.org\/{rel}","templated":true}]}}