{"id":74007,"date":"2025-05-25T07:25:53","date_gmt":"2025-05-25T05:25:53","guid":{"rendered":"https:\/\/www.zigarren.zone\/?page_id=74007"},"modified":"2025-05-27T09:51:45","modified_gmt":"2025-05-27T07:51:45","slug":"elaboracion-de-puros-en-cuba-vimeo","status":"publish","type":"page","link":"https:\/\/www.zigarren.zone\/es\/zigarrenherstellung-in-kuba-vimeo\/","title":{"rendered":"Producci\u00f3n de puros en Cuba: C\u00f3mo se hace un puro en Cuba"},"content":{"rendered":"<p><strong>Producci\u00f3n de puros en Cuba<\/strong> no es s\u00f3lo un oficio: es un bien cultural que conecta generaciones. En nuestra nueva pel\u00edcula sobre la <em>Festival del Habano 2025<\/em> acompa\u00f1amos a Thomas y Claudia en un impresionante viaje por el mundo de los puros cubanos. Ver en Vimeo:<\/p>\n\n\n\n<figure class=\"wp-block-embed is-type-video is-provider-vimeo wp-block-embed-vimeo\"><div class=\"wp-block-embed__wrapper\">\n<iframe title=\"C\u00f3mo se hacen los puros en Cuba: \u00a1cambiar\u00e1 su forma de verlos!\" src=\"https:\/\/player.vimeo.com\/video\/1073246010?dnt=1&amp;app_id=122963\" width=\"640\" height=\"338\" frameborder=\"0\" allow=\"autoplay; fullscreen; picture-in-picture; clipboard-write; encrypted-media\"><\/iframe>\n<\/div><\/figure>","protected":false},"excerpt":{"rendered":"<p>La fabricaci\u00f3n de puros en Cuba no es s\u00f3lo un oficio: es un bien cultural que une generaciones. En nuestra nueva pel\u00edcula para el Festival del Habano 2025, acompa\u00f1amos...<\/p>","protected":false},"author":2,"featured_media":0,"parent":0,"menu_order":0,"comment_status":"closed","ping_status":"closed","template":"","meta":{"jetpack_post_was_ever_published":false,"footnotes":""},"class_list":["post-74007","page","type-page","status-publish","hentry"],"jetpack_sharing_enabled":true,"_links":{"self":[{"href":"https:\/\/www.zigarren.zone\/es\/wp-json\/wp\/v2\/pages\/74007","targetHints":{"allow":["GET"]}}],"collection":[{"href":"https:\/\/www.zigarren.zone\/es\/wp-json\/wp\/v2\/pages"}],"about":[{"href":"https:\/\/www.zigarren.zone\/es\/wp-json\/wp\/v2\/types\/page"}],"author":[{"embeddable":true,"href":"https:\/\/www.zigarren.zone\/es\/wp-json\/wp\/v2\/users\/2"}],"replies":[{"embeddable":true,"href":"https:\/\/www.zigarren.zone\/es\/wp-json\/wp\/v2\/comments?post=74007"}],"version-history":[{"count":0,"href":"https:\/\/www.zigarren.zone\/es\/wp-json\/wp\/v2\/pages\/74007\/revisions"}],"wp:attachment":[{"href":"https:\/\/www.zigarren.zone\/es\/wp-json\/wp\/v2\/media?parent=74007"}],"curies":[{"name":"wp","href":"https:\/\/api.w.org\/{rel}","templated":true}]}}