{"id":59726,"date":"2023-03-02T21:04:25","date_gmt":"2023-03-02T20:04:25","guid":{"rendered":"https:\/\/www.zigarren.zone\/?page_id=59726"},"modified":"2025-07-31T10:25:02","modified_gmt":"2025-07-31T08:25:02","slug":"ir","status":"publish","type":"page","link":"https:\/\/www.zigarren.zone\/es\/insider\/","title":{"rendered":"INSIDER de Zigarren.Zone"},"content":{"rendered":"<!-- Form created by Optin Forms plugin by WPKube: create beautiful optin forms with ease! -->\n<!-- https:\/\/wpkube.com\/ -->\n\t\t\t<div id=\"optinforms-form5-container\" class=\"optinforms-form-container\" >\r\n\t\t\t\t\t\t\t\t<form method=\"post\"  class=\"\" action=\"https:\/\/www.aweber.com\/scripts\/addlead.pl\" >\r\n\t\t\t\t\t<input type=\"hidden\" name=\"listname\" value=\"awlist6227727\" \/><input type=\"hidden\" name=\"redirect\" value=\"https:\/\/www.zigarren.zone\/zigarren-zone-fast-geschafft\" \/><input type=\"hidden\" name=\"meta_message\" value=\"1\" \/>\t\t\t\t\t<div id=\"optinforms-form5\" style=\"background:#b8703c;\">\r\n\t\t\t\t\t\t<div id=\"optinforms-form5-container-left\">\r\n\t\t\t\t\t\t\t<div id=\"optinforms-form5-title\" style=\"font-family:Helvetica; font-size:20px; line-height:20px; color:#f5f1ea\">Cigars.zone Insider: S\u00d3LO EN ALEM\u00c1N<\/div><!--optinforms-form5-title-->\r\n\t\t\t\t\t\t\t<input required type=\"text\" id=\"optinforms-form5-name-field\" name=\"name\" placeholder=\"Nombre\" style=\"font-family:Arial, Helvetica, sans-serif; font-size:14px; color:#013220\" \/>\r\n\t\t\t\t\t\t\t<input required type=\"text\" id=\"optinforms-form5-email-field\" name=\"email\" placeholder=\"Correo electr\u00f3nico\" style=\"font-family:Arial, Helvetica, sans-serif; font-size:14px; color:#013220\" \/>\r\n\t\t\t\t\t\t\t\t\t\t\t\t\t\t<input type=\"submit\" name=\"submit\" id=\"optinforms-form5-button\" value=\"H\u00e1gase INSIDER ahora\" style=\"font-family:Arial, Helvetica, sans-serif; font-size:16px; color:#2c2c2c; background-color:#f0c387\" \/>\r\n\t\t\t\t\t\t\t\t<div class=\"optinforms-status-success-message\" style=\"display:none;\">Gracias por suscribirse.<\/div>\r\n\t<div class=\"optinforms-status-error-message\" style=\"display:none;\">Algo sali\u00f3 mal.<\/div>\r\n\t\t\t\t\t\t\t\t\t\t\t\t\t\t<\/div><!--optinforms-form5-container-left-->\r\n\t\t\t\t\t\t<div id=\"optinforms-form5-container-right\">\r\n\t\t\t\t\t\t\t<div id=\"optinforms-form5-subtitle\" style=\"font-family:Helvetica; font-size:17px; color:#f5f1ea\">Forma parte del INSIDER de Zigarren.Zone - antes de que vuelvas a perderte el pr\u00f3ximo texto.<\/div><!--optinforms-form5-subtitle-->\r\n\t\t\t\t\t\t\t<div id=\"optinforms-form5-disclaimer\" style=\"font-family:Arial, Helvetica, sans-serif; font-size:16px; color:#f5f1ea\">\u2714 S\u00e9 el primero en recibir invitaciones a eventos y seminarios exclusivos \u2714 Contenidos exclusivos que no est\u00e1n en la web \u2714 Perspectivas personales y momentos reales de disfrute \u2714 Sin publicidad. Sin estr\u00e9s. Solo estilo. \ud83d\udcec Suscr\u00edbete ahora gratis y lee por fin lo que otros s\u00f3lo sue\u00f1an.<\/div><!--optinforms-form5-disclaimer-->\r\n\t\t\t\t\t\t<\/div><!--optinforms-form5-container-right-->\r\n\t\t\t\t\t\t<div class=\"clear\"><\/div>\r\n\t\t\t\t\t<\/div><!--optinforms-form5-->\r\n\t\t\t\t\t<div class=\"clear\"><\/div>\r\n\t\t\t\t\t\t\t\t\t<\/form>\r\n\t\t\t<\/div><!--optinforms-form5-container-->\r\n\t\t\t<div class=\"clear\"><\/div>\r\n\t\t\t\n<!-- \/ Optin Forms -->\n\n\t\t\t<style type='text\/css'><\/style>\r\n\t\t\n\n\n\n<p><\/p>","protected":false},"excerpt":{"rendered":"","protected":false},"author":2,"featured_media":0,"parent":0,"menu_order":0,"comment_status":"closed","ping_status":"closed","template":"","meta":{"jetpack_post_was_ever_published":false,"footnotes":""},"class_list":["post-59726","page","type-page","status-publish","hentry"],"jetpack_sharing_enabled":true,"_links":{"self":[{"href":"https:\/\/www.zigarren.zone\/es\/wp-json\/wp\/v2\/pages\/59726","targetHints":{"allow":["GET"]}}],"collection":[{"href":"https:\/\/www.zigarren.zone\/es\/wp-json\/wp\/v2\/pages"}],"about":[{"href":"https:\/\/www.zigarren.zone\/es\/wp-json\/wp\/v2\/types\/page"}],"author":[{"embeddable":true,"href":"https:\/\/www.zigarren.zone\/es\/wp-json\/wp\/v2\/users\/2"}],"replies":[{"embeddable":true,"href":"https:\/\/www.zigarren.zone\/es\/wp-json\/wp\/v2\/comments?post=59726"}],"version-history":[{"count":0,"href":"https:\/\/www.zigarren.zone\/es\/wp-json\/wp\/v2\/pages\/59726\/revisions"}],"wp:attachment":[{"href":"https:\/\/www.zigarren.zone\/es\/wp-json\/wp\/v2\/media?parent=59726"}],"curies":[{"name":"wp","href":"https:\/\/api.w.org\/{rel}","templated":true}]}}