{"id":31871,"date":"2019-12-03T08:58:07","date_gmt":"2019-12-03T07:58:07","guid":{"rendered":"https:\/\/www.zigarren.zone\/?page_id=31871"},"modified":"2025-08-06T07:43:28","modified_gmt":"2025-08-06T05:43:28","slug":"condiciones-de-uso","status":"publish","type":"page","link":"https:\/\/www.zigarren.zone\/es\/nutzungsbedingungen\/","title":{"rendered":"Condiciones de uso"},"content":{"rendered":"<div style=\"height:50px\" aria-hidden=\"true\" class=\"wp-block-spacer\"><\/div>\n\n\n\n<p>Versi\u00f3n 6.0 | 2025<\/p>\n\n\n\n<p><strong>Condiciones de uso de los comentarios en las entradas del blog:<\/strong> Bienvenido a la revista en l\u00ednea Zigarren.Zone, una publicaci\u00f3n de Crazycat Media GmbH.<\/p>\n\n\n\n<p><strong>Art\u00edculo 1: <\/strong>Buscamos el placer y discutimos entre nosotros de forma amistosa y decente. Tambi\u00e9n criticamos y siempre lo hacemos de forma amistosa y decente. No se toleran los ataques personales. Conllevar\u00e1n la exclusi\u00f3n, y eso de forma sencilla, r\u00e1pida y sin previo aviso. Si un ataque personal es relevante desde el punto de vista penal, Crazycat Media GmbH presentar\u00e1 cargos.<\/p>\n\n\n\n<p>Crazycat Media GmbH, Spinnlerstrasse 2, 4410 Liestal - Suiza<\/p>","protected":false},"excerpt":{"rendered":"<p>Versi\u00f3n 6.0 | 2025 Condiciones de uso para comentarios en entradas del blog: Bienvenido a la revista online Zigarren.Zone, una publicaci\u00f3n de Crazycat Media GmbH. Art\u00edculo 1: Somos gente de placer...<\/p>","protected":false},"author":1432,"featured_media":0,"parent":0,"menu_order":0,"comment_status":"closed","ping_status":"closed","template":"","meta":{"jetpack_post_was_ever_published":false,"footnotes":""},"class_list":["post-31871","page","type-page","status-publish","hentry"],"jetpack_sharing_enabled":true,"_links":{"self":[{"href":"https:\/\/www.zigarren.zone\/es\/wp-json\/wp\/v2\/pages\/31871","targetHints":{"allow":["GET"]}}],"collection":[{"href":"https:\/\/www.zigarren.zone\/es\/wp-json\/wp\/v2\/pages"}],"about":[{"href":"https:\/\/www.zigarren.zone\/es\/wp-json\/wp\/v2\/types\/page"}],"author":[{"embeddable":true,"href":"https:\/\/www.zigarren.zone\/es\/wp-json\/wp\/v2\/users\/1432"}],"replies":[{"embeddable":true,"href":"https:\/\/www.zigarren.zone\/es\/wp-json\/wp\/v2\/comments?post=31871"}],"version-history":[{"count":0,"href":"https:\/\/www.zigarren.zone\/es\/wp-json\/wp\/v2\/pages\/31871\/revisions"}],"wp:attachment":[{"href":"https:\/\/www.zigarren.zone\/es\/wp-json\/wp\/v2\/media?parent=31871"}],"curies":[{"name":"wp","href":"https:\/\/api.w.org\/{rel}","templated":true}]}}